{"id":4881,"date":"2018-02-15T05:47:50","date_gmt":"2018-02-15T05:47:50","guid":{"rendered":"https:\/\/consultix.radiantthemes.com\/demo-one\/?page_id=4881"},"modified":"2023-07-31T11:11:27","modified_gmt":"2023-07-31T09:11:27","slug":"unternehmen","status":"publish","type":"page","link":"https:\/\/mesche-gmbh.de\/en\/unternehmen\/","title":{"rendered":"Company"},"content":{"rendered":"<div data-vc-full-width=\"true\" data-vc-full-width-init=\"false\" class=\"vc_row wpb_row vc_row-fluid visible-lg hidden-md hidden-sm hidden-xs vc_custom_1610429492112 vc_row-has-fill vc_column-gap-30\"><div class=\"wpb_column vc_column_container vc_col-sm-4 vc_col-has-fill\"><div class=\"vc_column-inner vc_custom_1518675617323\"><div class=\"wpb_wrapper\">\n\t<div  class=\"wpb_single_image wpb_content_element vc_align_center  vc_custom_1522729822282\">\n\t\t\n\t\t<figure class=\"wpb_wrapper vc_figure\">\n\t\t\t<div class=\"vc_single_image-wrapper   vc_box_border_grey\"><img loading=\"lazy\" decoding=\"async\" width=\"51\" height=\"51\" src=\"https:\/\/mesche-gmbh.de\/wp-content\/uploads\/2018\/04\/Who-We-Are.png\" class=\"vc_single_image-img attachment-full\" alt=\"\" \/><\/div>\n\t\t<\/figure>\n\t<\/div>\n<h4 style=\"font-size: 20px;line-height: 26px;text-align: center\" class=\"vc_custom_heading vc_custom_1619177718647\" >GLOBALE VISION<\/h4>\n\t<div class=\"wpb_text_column wpb_content_element  vc_custom_1619177727976\" >\n\t\t<div class=\"wpb_wrapper\">\n\t\t\t<div class=\"elementor-column elementor-col-33 elementor-top-column elementor-element elementor-element-100f716\" data-id=\"100f716\" data-element_type=\"column\">\n<div class=\"elementor-widget-wrap elementor-element-populated\">\n<div class=\"elementor-element elementor-element-0c7e68c elementor-widget elementor-widget-uh-pricing-table\" data-id=\"0c7e68c\" data-element_type=\"widget\" data-widget_type=\"uh-pricing-table.default\">\n<div class=\"elementor-widget-container\">\n<div class=\"hostzine-pricing-table sptwo\">\n<div class=\"tx-table-main-grid single-two\">\n<div class=\"tx-table-grid\">\n<div class=\"tx-table-middle\">\n<p style=\"text-align: center;\">Familienunternehmen mit globaler Vision<\/p>\n<\/div>\n<\/div>\n<\/div>\n<\/div>\n<\/div>\n<\/div>\n<\/div>\n<\/div>\n\n\t\t<\/div>\n\t<\/div>\n<\/div><\/div><\/div><div class=\"wpb_column vc_column_container vc_col-sm-4 vc_col-has-fill\"><div class=\"vc_column-inner vc_custom_1518675663079\"><div class=\"wpb_wrapper\">\n\t<div  class=\"wpb_single_image wpb_content_element vc_align_center  vc_custom_1522729849707\">\n\t\t\n\t\t<figure class=\"wpb_wrapper vc_figure\">\n\t\t\t<div class=\"vc_single_image-wrapper   vc_box_border_grey\"><img loading=\"lazy\" decoding=\"async\" width=\"51\" height=\"51\" src=\"https:\/\/mesche-gmbh.de\/wp-content\/uploads\/2018\/04\/Mission.png\" class=\"vc_single_image-img attachment-full\" alt=\"\" \/><\/div>\n\t\t<\/figure>\n\t<\/div>\n<h4 style=\"font-size: 20px;line-height: 26px;text-align: center\" class=\"vc_custom_heading vc_custom_1619177743570\" >25 JAHRE ERFAHRUNG<\/h4>\n\t<div class=\"wpb_text_column wpb_content_element  vc_custom_1619177751949\" >\n\t\t<div class=\"wpb_wrapper\">\n\t\t\t<div class=\"elementor-column elementor-col-33 elementor-top-column elementor-element elementor-element-bb72885\" data-id=\"bb72885\" data-element_type=\"column\">\n<div class=\"elementor-widget-wrap elementor-element-populated\">\n<div class=\"elementor-element elementor-element-277e168 elementor-widget elementor-widget-uh-pricing-table\" data-id=\"277e168\" data-element_type=\"widget\" data-widget_type=\"uh-pricing-table.default\">\n<div class=\"elementor-widget-container\">\n<div class=\"hostzine-pricing-table sptwo\">\n<div class=\"tx-table-main-grid single-two\">\n<div class=\"tx-table-grid\">\n<div class=\"tx-table-middle\">\n<p style=\"text-align: center;\">Ihr kompetenter Partner in Ihrem Bedarf f\u00fcr Ihre Aluminiumgie\u00dferei<\/p>\n<\/div>\n<\/div>\n<\/div>\n<\/div>\n<\/div>\n<\/div>\n<\/div>\n<\/div>\n\n\t\t<\/div>\n\t<\/div>\n<\/div><\/div><\/div><div class=\"wpb_column vc_column_container vc_col-sm-4 vc_col-has-fill\"><div class=\"vc_column-inner vc_custom_1518675699927\"><div class=\"wpb_wrapper\">\n\t<div  class=\"wpb_single_image wpb_content_element vc_align_center  vc_custom_1522729877676\">\n\t\t\n\t\t<figure class=\"wpb_wrapper vc_figure\">\n\t\t\t<div class=\"vc_single_image-wrapper   vc_box_border_grey\"><img loading=\"lazy\" decoding=\"async\" width=\"51\" height=\"51\" src=\"https:\/\/mesche-gmbh.de\/wp-content\/uploads\/2018\/04\/Vision.png\" class=\"vc_single_image-img attachment-full\" alt=\"\" \/><\/div>\n\t\t<\/figure>\n\t<\/div>\n<h4 style=\"font-size: 20px;line-height: 26px;text-align: center\" class=\"vc_custom_heading vc_custom_1619177762095\" >JUST-IN-TIME<\/h4>\n\t<div class=\"wpb_text_column wpb_content_element  vc_custom_1619177783384\" >\n\t\t<div class=\"wpb_wrapper\">\n\t\t\t<div id=\"content\" class=\"site-content\">\n<div id=\"primary\" class=\"content-area\">\n<article id=\"post-2107\" class=\"post-2107 page type-page status-publish hentry\">\n<div class=\"entry-content\">\n<div class=\"elementor elementor-2107\" data-elementor-type=\"wp-page\" data-elementor-id=\"2107\" data-elementor-settings=\"&#091;&#093;\">\n<div class=\"elementor-section-wrap\">\n<section class=\"elementor-section elementor-top-section elementor-element elementor-element-cf0d9e4 elementor-section-boxed elementor-section-height-default elementor-section-height-default animated fadeInUp\" data-id=\"cf0d9e4\" data-element_type=\"section\" data-settings=\"{&quot;animation&quot;:&quot;fadeInUp&quot;}\">\n<div class=\"elementor-container elementor-column-gap-default\">\n<div class=\"elementor-column elementor-col-33 elementor-top-column elementor-element elementor-element-9d9c6df\" data-id=\"9d9c6df\" data-element_type=\"column\">\n<div class=\"elementor-widget-wrap elementor-element-populated\">\n<div class=\"elementor-element elementor-element-753f8f7 elementor-widget elementor-widget-uh-pricing-table\" data-id=\"753f8f7\" data-element_type=\"widget\" data-widget_type=\"uh-pricing-table.default\">\n<div class=\"elementor-widget-container\">\n<div class=\"hostzine-pricing-table sptwo\">\n<div class=\"tx-table-main-grid single-two\">\n<div class=\"tx-table-grid\">\n<div class=\"tx-table-middle\">\n<p style=\"text-align: center;\">Just-In-Time Lieferung in ganz Europa<\/p>\n<\/div>\n<\/div>\n<\/div>\n<\/div>\n<\/div>\n<\/div>\n<\/div>\n<\/div>\n<\/div>\n<\/section>\n<\/div>\n<\/div>\n<\/div>\n<\/article>\n<p>&nbsp;<\/p>\n<\/div>\n<\/div>\n\n\t\t<\/div>\n\t<\/div>\n<\/div><\/div><\/div><\/div><div class=\"vc_row-full-width vc_clearfix\"><\/div><div data-vc-full-width=\"true\" data-vc-full-width-init=\"false\" class=\"vc_row wpb_row vc_row-fluid hidden-lg visible-md visible-sm visible-xs vc_custom_1610429502695 vc_row-has-fill vc_column-gap-30\"><div class=\"wpb_column vc_column_container vc_col-sm-4 vc_col-has-fill\"><div class=\"vc_column-inner vc_custom_1610429514821\"><div class=\"wpb_wrapper\">\n\t<div  class=\"wpb_single_image wpb_content_element vc_align_center  vc_custom_1522729822282\">\n\t\t\n\t\t<figure class=\"wpb_wrapper vc_figure\">\n\t\t\t<div class=\"vc_single_image-wrapper   vc_box_border_grey\"><img loading=\"lazy\" decoding=\"async\" width=\"51\" height=\"51\" src=\"https:\/\/mesche-gmbh.de\/wp-content\/uploads\/2018\/04\/Who-We-Are.png\" class=\"vc_single_image-img attachment-full\" alt=\"\" \/><\/div>\n\t\t<\/figure>\n\t<\/div>\n<h4 style=\"font-size: 20px;line-height: 26px;text-align: center\" class=\"vc_custom_heading vc_custom_1522729889645\" >Who We Are<\/h4>\n\t<div class=\"wpb_text_column wpb_content_element  vc_custom_1518675409422\" >\n\t\t<div class=\"wpb_wrapper\">\n\t\t\t<p style=\"text-align: center;\">Aenean auctor, nisl nec tempor to fringilla, ex enim imperdiet tellus, vitae msan metus dui in nisi.<\/p>\n\n\t\t<\/div>\n\t<\/div>\n<\/div><\/div><\/div><div class=\"wpb_column vc_column_container vc_col-sm-4 vc_col-has-fill\"><div class=\"vc_column-inner vc_custom_1610429525886\"><div class=\"wpb_wrapper\">\n\t<div  class=\"wpb_single_image wpb_content_element vc_align_center  vc_custom_1522729849707\">\n\t\t\n\t\t<figure class=\"wpb_wrapper vc_figure\">\n\t\t\t<div class=\"vc_single_image-wrapper   vc_box_border_grey\"><img loading=\"lazy\" decoding=\"async\" width=\"51\" height=\"51\" src=\"https:\/\/mesche-gmbh.de\/wp-content\/uploads\/2018\/04\/Mission.png\" class=\"vc_single_image-img attachment-full\" alt=\"\" \/><\/div>\n\t\t<\/figure>\n\t<\/div>\n<h4 style=\"font-size: 20px;line-height: 26px;text-align: center\" class=\"vc_custom_heading vc_custom_1522729919683\" >Our Mission<\/h4>\n\t<div class=\"wpb_text_column wpb_content_element  vc_custom_1518675409422\" >\n\t\t<div class=\"wpb_wrapper\">\n\t\t\t<p style=\"text-align: center;\">Aenean auctor, nisl nec tempor to fringilla, ex enim imperdiet tellus, vitae msan metus dui in nisi.<\/p>\n\n\t\t<\/div>\n\t<\/div>\n<\/div><\/div><\/div><div class=\"wpb_column vc_column_container vc_col-sm-4 vc_col-has-fill\"><div class=\"vc_column-inner vc_custom_1610429536983\"><div class=\"wpb_wrapper\">\n\t<div  class=\"wpb_single_image wpb_content_element vc_align_center  vc_custom_1522729877676\">\n\t\t\n\t\t<figure class=\"wpb_wrapper vc_figure\">\n\t\t\t<div class=\"vc_single_image-wrapper   vc_box_border_grey\"><img loading=\"lazy\" decoding=\"async\" width=\"51\" height=\"51\" src=\"https:\/\/mesche-gmbh.de\/wp-content\/uploads\/2018\/04\/Vision.png\" class=\"vc_single_image-img attachment-full\" alt=\"\" \/><\/div>\n\t\t<\/figure>\n\t<\/div>\n<h4 style=\"font-size: 20px;line-height: 26px;text-align: center\" class=\"vc_custom_heading vc_custom_1522729931427\" >Our Vision<\/h4>\n\t<div class=\"wpb_text_column wpb_content_element  vc_custom_1518675409422\" >\n\t\t<div class=\"wpb_wrapper\">\n\t\t\t<p style=\"text-align: center;\">Aenean auctor, nisl nec tempor to fringilla, ex enim imperdiet tellus, vitae msan metus dui in nisi.<\/p>\n\n\t\t<\/div>\n\t<\/div>\n<\/div><\/div><\/div><\/div><div class=\"vc_row-full-width vc_clearfix\"><\/div><div data-vc-full-width=\"true\" data-vc-full-width-init=\"false\" class=\"vc_row wpb_row vc_row-fluid vc_custom_1519362419432 vc_row-has-fill\"><div class=\"wpb_column vc_column_container vc_col-sm-12\"><div class=\"vc_column-inner vc_custom_1519362639897\"><div class=\"wpb_wrapper\"><h4 style=\"font-size: 22px;line-height: 26px;text-align: center\" class=\"vc_custom_heading vc_custom_1619182701739\" >LERNEN SIE UNS KENNEN<\/h4><h2 style=\"font-size: 34px;line-height: 52px;text-align: center;font-family:Montserrat;font-weight:400;font-style:normal\" class=\"vc_custom_heading vc_custom_1619182778443\" >Wir sind Ihr zuverlassiger Partner f\u00fcr Ihren Bedarf in der Gie\u00dferei, mit exzellentem Know-How und Servicequalit\u00e4t.<\/h2>\n\t<div  class=\"wpb_single_image wpb_content_element vc_align_center  vc_custom_1522730330869\">\n\t\t\n\t\t<figure class=\"wpb_wrapper vc_figure\">\n\t\t\t<div class=\"vc_single_image-wrapper   vc_box_border_grey\"><img loading=\"lazy\" decoding=\"async\" width=\"28\" height=\"4\" src=\"https:\/\/mesche-gmbh.de\/wp-content\/uploads\/2018\/04\/Blue-Separator-Line-Image.png\" class=\"vc_single_image-img attachment-full\" alt=\"\" \/><\/div>\n\t\t<\/figure>\n\t<\/div>\n<div class=\"vc_row wpb_row vc_inner vc_row-fluid vc_custom_1518697640027\"><div class=\"wpb_column vc_column_container vc_col-sm-6\"><div class=\"vc_column-inner vc_custom_1619177630657\"><div class=\"wpb_wrapper\"><h3 style=\"font-size: 30px;line-height: 38px;text-align: left\" class=\"vc_custom_heading vc_custom_1619216765640\" >Familienunternehmen mit globaler Vision<\/h3>\n\t<div class=\"wpb_text_column wpb_content_element  vc_custom_1619216758407\" >\n\t\t<div class=\"wpb_wrapper\">\n\t\t\t<p>Wir sind ein Familienmuternehmen, dass im Jahre 1994 in Plettenberg gegr\u00fcndet wurde. Seitdem sind wir Zulieferer von Metallprodukten f\u00fcr die Automobilindustrie, und haben uns in 2002 auf den Verkauf von Metallsieben und diversen Gie\u00dfereisieben f\u00fcr die Aluminiumgiessereien spezialisiert.<\/p>\n<p>Wir sind Ihr zuverlassiger Partner f\u00fcr Ihren Bedarf in der Giesserei, mit exzellentem Know-How und Servicequalit\u00e4t.<\/p>\n<p>Unser Zulieferer f\u00fcr die Siebe ist in der T\u00fcrkei, und daher haben wir sehr kompetitive Preise mit schnellen Lieferzeiten. Die gr\u00f6\u00dften Aluminiumgie\u00dferein sind seit Jahren von unseren Produkten begeistert.<\/p>\n<p>Unser 2.000m2 gro\u00dfes Lager ist im Hafen von N\u00fcrnberg.\u00a0 Von Hieraus bieten wir Lieferungen an unsere Kunden in ganz Europa, und k\u00f6nnen Ihnen Just-In-Time L\u00f6sungen anbieten.<\/p>\n\n\t\t<\/div>\n\t<\/div>\n<\/div><\/div><\/div><div class=\"wpb_column vc_column_container vc_col-sm-6\"><div class=\"vc_column-inner\"><div class=\"wpb_wrapper\">\n\t<div  class=\"wpb_single_image wpb_content_element vc_align_left  vc_custom_1619216699383  image-space-top\">\n\t\t\n\t\t<figure class=\"wpb_wrapper vc_figure\">\n\t\t\t<div class=\"vc_single_image-wrapper vc_box_rounded  vc_box_border_grey\"><img loading=\"lazy\" decoding=\"async\" width=\"1280\" height=\"720\" src=\"https:\/\/mesche-gmbh.de\/wp-content\/uploads\/2021\/04\/iStock-184288521.jpg\" class=\"vc_single_image-img attachment-full\" alt=\"\" srcset=\"https:\/\/mesche-gmbh.de\/wp-content\/uploads\/2021\/04\/iStock-184288521.jpg 1280w, https:\/\/mesche-gmbh.de\/wp-content\/uploads\/2021\/04\/iStock-184288521-300x169.jpg 300w, https:\/\/mesche-gmbh.de\/wp-content\/uploads\/2021\/04\/iStock-184288521-1024x576.jpg 1024w, https:\/\/mesche-gmbh.de\/wp-content\/uploads\/2021\/04\/iStock-184288521-768x432.jpg 768w\" sizes=\"auto, (max-width: 1280px) 100vw, 1280px\" \/><\/div>\n\t\t<\/figure>\n\t<\/div>\n<\/div><\/div><\/div><\/div><\/div><\/div><\/div><\/div><div class=\"vc_row-full-width vc_clearfix\"><\/div><div data-vc-full-width=\"true\" data-vc-full-width-init=\"false\" class=\"vc_row wpb_row vc_row-fluid vc_custom_1630657073021 vc_row-has-fill\"><div class=\"wpb_column vc_column_container vc_col-sm-12\"><div class=\"vc_column-inner vc_custom_1519362557960\"><div class=\"wpb_wrapper\"><h2 style=\"font-size: 32px;line-height: 55px;text-align: center\" class=\"vc_custom_heading\" >ZERTIFIZIERUNGEN<\/h2><div class=\"vc_row wpb_row vc_inner vc_row-fluid vc_custom_1630657235529\"><div class=\"wpb_column vc_column_container vc_col-sm-6\"><div class=\"vc_column-inner vc_custom_1630657398327\"><div class=\"wpb_wrapper\">\n\t<div  class=\"wpb_single_image wpb_content_element vc_align_right  vc_custom_1630657722172\">\n\t\t\n\t\t<figure class=\"wpb_wrapper vc_figure\">\n\t\t\t<a class=\"\" data-lightbox=\"lightbox[rel-4881-1134736192]\" href=\"https:\/\/mesche-gmbh.de\/wp-content\/uploads\/2021\/09\/ISO-9001_2015-Mesche-DE.jpg\" target=\"_self\" class=\"vc_single_image-wrapper vc_box_outline  vc_box_border_blue\"><img loading=\"lazy\" decoding=\"async\" width=\"212\" height=\"300\" src=\"https:\/\/mesche-gmbh.de\/wp-content\/uploads\/2021\/09\/ISO-9001_2015-Mesche-DE-212x300.jpg\" class=\"vc_single_image-img attachment-medium\" alt=\"\" srcset=\"https:\/\/mesche-gmbh.de\/wp-content\/uploads\/2021\/09\/ISO-9001_2015-Mesche-DE-212x300.jpg 212w, https:\/\/mesche-gmbh.de\/wp-content\/uploads\/2021\/09\/ISO-9001_2015-Mesche-DE-8x12.jpg 8w, https:\/\/mesche-gmbh.de\/wp-content\/uploads\/2021\/09\/ISO-9001_2015-Mesche-DE.jpg 594w\" sizes=\"auto, (max-width: 212px) 100vw, 212px\" \/><\/a>\n\t\t<\/figure>\n\t<\/div>\n<\/div><\/div><\/div><div class=\"wpb_column vc_column_container vc_col-sm-6\"><div class=\"vc_column-inner vc_custom_1630657407348\"><div class=\"wpb_wrapper\">\n\t<div  class=\"wpb_single_image wpb_content_element vc_align_left  vc_custom_1630657654381\">\n\t\t\n\t\t<figure class=\"wpb_wrapper vc_figure\">\n\t\t\t<a class=\"\" data-lightbox=\"lightbox[rel-4881-3123670993]\" href=\"https:\/\/mesche-gmbh.de\/wp-content\/uploads\/2021\/09\/ISO-9001_2015-Mesche-EN.jpg\" target=\"_self\" class=\"vc_single_image-wrapper vc_box_outline  vc_box_border_blue\"><img loading=\"lazy\" decoding=\"async\" width=\"212\" height=\"300\" src=\"https:\/\/mesche-gmbh.de\/wp-content\/uploads\/2021\/09\/ISO-9001_2015-Mesche-EN-212x300.jpg\" class=\"vc_single_image-img attachment-medium\" alt=\"\" srcset=\"https:\/\/mesche-gmbh.de\/wp-content\/uploads\/2021\/09\/ISO-9001_2015-Mesche-EN-212x300.jpg 212w, https:\/\/mesche-gmbh.de\/wp-content\/uploads\/2021\/09\/ISO-9001_2015-Mesche-EN-8x12.jpg 8w, https:\/\/mesche-gmbh.de\/wp-content\/uploads\/2021\/09\/ISO-9001_2015-Mesche-EN.jpg 594w\" sizes=\"auto, (max-width: 212px) 100vw, 212px\" \/><\/a>\n\t\t<\/figure>\n\t<\/div>\n<\/div><\/div><\/div><\/div><\/div><\/div><\/div><\/div><div class=\"vc_row-full-width vc_clearfix\"><\/div><div data-vc-full-width=\"true\" data-vc-full-width-init=\"false\" class=\"vc_row wpb_row vc_row-fluid vc_custom_1630657073021 vc_row-has-fill\"><div class=\"wpb_column vc_column_container vc_col-sm-2\"><div class=\"vc_column-inner vc_custom_1519362557960\"><div class=\"wpb_wrapper\"><\/div><\/div><\/div><div class=\"wpb_column vc_column_container vc_col-sm-8\"><div class=\"vc_column-inner\"><div class=\"wpb_wrapper\"><h2 style=\"font-size: 32px;line-height: 55px;text-align: center\" class=\"vc_custom_heading\" >ALLGEMEINE GESCH\u00c4FTSBEDINGUNGEN<\/h2><div class=\"vc_row wpb_row vc_inner vc_row-fluid vc_custom_1630657235529\"><div class=\"wpb_column vc_column_container vc_col-sm-12\"><div class=\"vc_column-inner vc_custom_1630657398327\"><div class=\"wpb_wrapper\">\n\t<div class=\"wpb_text_column wpb_content_element \" >\n\t\t<div class=\"wpb_wrapper\">\n\t\t\t<p style=\"text-align: center; font-size: 16px;\">Wir m\u00f6chten Sie darauf hinweisen, dass unsere Allgemeinen Gesch\u00e4ftsbedingungen (AGB) problemlos durch einen Klick auf den untenstehenden Button eingesehen und als Download verf\u00fcgbar sind.<\/p>\n\n\t\t<\/div>\n\t<\/div>\n\r<!-- rt-button -->\r<div class=\"rt-button element-one hover-style-two \"  data-button-direction=\"center\" data-button-fullwidth=\"false\"  data-button-icon-position=\"left\"><a style=\"\" class=\"rt-button-main\" href=\"https:\/\/mesche-gmbh.de\/wp-content\/uploads\/2023\/07\/Mesche-AGB.pdf\"  title=\"Mesche AGB\" target=\"_blank\"><div class=\"overlay\"><\/div><div class=\"placeholder\"><i class=\"fas fa-file-download\"><\/i>Download<\/div><\/a><\/div>\r<!-- rt-button -->\r<\/div><\/div><\/div><\/div><\/div><\/div><\/div><div class=\"wpb_column vc_column_container vc_col-sm-2\"><div class=\"vc_column-inner\"><div class=\"wpb_wrapper\"><\/div><\/div><\/div><\/div><div class=\"vc_row-full-width vc_clearfix\"><\/div>\n","protected":false},"excerpt":{"rendered":"GLOBALE VISION Familienunternehmen mit globaler Vision 25 JAHRE ERFAHRUNG Ihr kompetenter Partner in Ihrem Bedarf f\u00fcr Ihre Aluminiumgie\u00dferei JUST-IN-TIME Just-In-Time Lieferung in ganz Europa &nbsp; Who We Are Aenean auctor, nisl nec tempor to fringilla, ex enim imperdiet tellus, vitae msan metus dui in nisi. Our Mission Aenean auctor, nisl nec tempor to fringilla, ex [...]","protected":false},"author":1,"featured_media":0,"parent":0,"menu_order":0,"comment_status":"closed","ping_status":"closed","template":"","meta":{"footnotes":""},"class_list":["post-4881","page","type-page","status-publish","hentry"],"_links":{"self":[{"href":"https:\/\/mesche-gmbh.de\/en\/wp-json\/wp\/v2\/pages\/4881","targetHints":{"allow":["GET"]}}],"collection":[{"href":"https:\/\/mesche-gmbh.de\/en\/wp-json\/wp\/v2\/pages"}],"about":[{"href":"https:\/\/mesche-gmbh.de\/en\/wp-json\/wp\/v2\/types\/page"}],"author":[{"embeddable":true,"href":"https:\/\/mesche-gmbh.de\/en\/wp-json\/wp\/v2\/users\/1"}],"replies":[{"embeddable":true,"href":"https:\/\/mesche-gmbh.de\/en\/wp-json\/wp\/v2\/comments?post=4881"}],"version-history":[{"count":45,"href":"https:\/\/mesche-gmbh.de\/en\/wp-json\/wp\/v2\/pages\/4881\/revisions"}],"predecessor-version":[{"id":9848,"href":"https:\/\/mesche-gmbh.de\/en\/wp-json\/wp\/v2\/pages\/4881\/revisions\/9848"}],"wp:attachment":[{"href":"https:\/\/mesche-gmbh.de\/en\/wp-json\/wp\/v2\/media?parent=4881"}],"curies":[{"name":"wp","href":"https:\/\/api.w.org\/{rel}","templated":true}]}}