{"id":9068,"date":"2018-04-04T08:17:23","date_gmt":"2018-04-04T08:17:23","guid":{"rendered":"https:\/\/mesche-gmbh.de\/?page_id=9068"},"modified":"2021-04-23T22:41:45","modified_gmt":"2021-04-23T22:41:45","slug":"kunden","status":"publish","type":"page","link":"https:\/\/mesche-gmbh.de\/en\/kunden\/","title":{"rendered":"Our Customer"},"content":{"rendered":"<section data-vc-full-width=\"true\" data-vc-full-width-init=\"false\" class=\"vc_section vc_custom_1522831052477 vc_section-has-fill\"><div data-vc-full-width=\"true\" data-vc-full-width-init=\"false\" class=\"vc_row wpb_row vc_row-fluid vc_custom_1522831062843 vc_row-o-equal-height vc_row-o-content-middle vc_row-flex\"><div class=\"wpb_column vc_column_container vc_col-sm-4 vc_col-lg-3 vc_col-md-4 vc_col-has-fill\"><div class=\"vc_column-inner vc_custom_1610430629190\"><div class=\"wpb_wrapper\"><h3 style=\"font-size: 31px;line-height: 40px;text-align: left\" class=\"vc_custom_heading vc_custom_1619179157496\" >Our<br \/>\nCustomer<\/h3><\/div><\/div><\/div><div class=\"wpb_column vc_column_container vc_col-sm-8 vc_col-lg-9 vc_col-md-8\"><div class=\"vc_column-inner vc_custom_1610430640446\"><div class=\"wpb_wrapper\">\n\t<div class=\"wpb_text_column wpb_content_element  vc_custom_1619179166256\" >\n\t\t<div class=\"wpb_wrapper\">\n\t\t\t<p>Do you need filters for your aluminum foundry? Then you are exactly right with us - the Mesche GmbH. We have been acting as a reliable partner with the most famous rim manufacturers for years - both in the OEM and aftermarket sectors. We are allowed to supply well-known customers - such as major automotive brands and their suppliers in the field of powertrain and chassis parts. Become a customer of ours and enjoy numerous benefits resulting from cooperation with us.<\/p>\n\n\t\t<\/div>\n\t<\/div>\n<\/div><\/div><\/div><\/div><div class=\"vc_row-full-width vc_clearfix\"><\/div><div data-vc-full-width=\"true\" data-vc-full-width-init=\"false\" class=\"vc_row wpb_row vc_row-fluid vc_custom_1619217694145 vc_row-has-fill vc_column-gap-30 vc_row-o-equal-height vc_row-o-content-middle vc_row-flex\"><div class=\"background-position-right-top wpb_column vc_column_container vc_col-sm-6 vc_col-has-fill\"><div class=\"vc_column-inner vc_custom_1619179419409\"><div class=\"wpb_wrapper\"><h3 style=\"font-size: 28px;line-height: 38px;text-align: left\" class=\"vc_custom_heading vc_custom_1619180160008\" >BECOME A CUSTOMER OF OURS AND ENJOY NUMEROUS BENEFITS RESULTING FROM COOPERATING WITH US<\/h3>\n\t<div class=\"wpb_text_column wpb_content_element  vc_custom_1619180120618\" >\n\t\t<div class=\"wpb_wrapper\">\n\t\t\t<h4>TOP PRICES<\/h4>\n<p>The supplier from Turkey enables us to offer high-quality products at an excellent price-performance ratio.<\/p>\n<p>&nbsp;<\/p>\n<h4>FAST DELIVERY<\/h4>\n<p>From samples to bulk orders: Benefit from our top service.<\/p>\n<p>&nbsp;<\/p>\n<h4>INDIVIDUAL CONSULTATION<\/h4>\n<p>The desired filters are developed individually and specifically for your purposes and needs. With our vast range of materials and extensive stock, we can certainly meet your requirements quickly.<\/p>\n\n\t\t<\/div>\n\t<\/div>\n<\/div><\/div><\/div><div class=\"background-position-right-top wpb_column vc_column_container vc_col-sm-6 vc_col-has-fill\"><div class=\"vc_column-inner vc_custom_1619217702805\"><div class=\"wpb_wrapper\"><\/div><\/div><\/div><\/div><div class=\"vc_row-full-width vc_clearfix\"><\/div><\/section><div class=\"vc_row-full-width vc_clearfix\"><\/div>","protected":false},"excerpt":{"rendered":"UNSERE KUNDEN Sie haben eine Aluminiumgiesserei und brauchen Siebe? Dann sind Sie bei uns richtig. Denn wir sind seit Jahren zuverl\u00e4ssiger Partner der ber\u00fchmtesten Felgenhersteller, sowohl im OEM als auch im Aftermarket. Zu unseren Kunden geh\u00f6ren die gr\u00f6ssten Automobilmarken und deren Zulieferer im Bereich von Powertrain und Chassis Teilen. WERDEN SIE AUCH KUNDE UND PROFITIEREN [...]","protected":false},"author":1,"featured_media":0,"parent":0,"menu_order":0,"comment_status":"closed","ping_status":"closed","template":"","meta":{"footnotes":""},"class_list":["post-9068","page","type-page","status-publish","hentry"],"_links":{"self":[{"href":"https:\/\/mesche-gmbh.de\/en\/wp-json\/wp\/v2\/pages\/9068","targetHints":{"allow":["GET"]}}],"collection":[{"href":"https:\/\/mesche-gmbh.de\/en\/wp-json\/wp\/v2\/pages"}],"about":[{"href":"https:\/\/mesche-gmbh.de\/en\/wp-json\/wp\/v2\/types\/page"}],"author":[{"embeddable":true,"href":"https:\/\/mesche-gmbh.de\/en\/wp-json\/wp\/v2\/users\/1"}],"replies":[{"embeddable":true,"href":"https:\/\/mesche-gmbh.de\/en\/wp-json\/wp\/v2\/comments?post=9068"}],"version-history":[{"count":38,"href":"https:\/\/mesche-gmbh.de\/en\/wp-json\/wp\/v2\/pages\/9068\/revisions"}],"predecessor-version":[{"id":9805,"href":"https:\/\/mesche-gmbh.de\/en\/wp-json\/wp\/v2\/pages\/9068\/revisions\/9805"}],"wp:attachment":[{"href":"https:\/\/mesche-gmbh.de\/en\/wp-json\/wp\/v2\/media?parent=9068"}],"curies":[{"name":"wp","href":"https:\/\/api.w.org\/{rel}","templated":true}]}}